{"id":2971,"date":"2023-11-01T09:59:36","date_gmt":"2023-11-01T09:59:36","guid":{"rendered":"http:\/\/parafialapy-pp.pl\/?page_id=2971"},"modified":"2023-11-05T09:24:39","modified_gmt":"2023-11-05T09:24:39","slug":"malzenstwo","status":"publish","type":"page","link":"http:\/\/parafialapy-pp.pl\/index.php\/malzenstwo\/","title":{"rendered":"Ma\u0142\u017ce\u0144stwo"},"content":{"rendered":"\n<p class=\"has-background has-large-font-size\" style=\"background:linear-gradient(65deg,rgb(254,205,165) 0%,rgb(254,45,45) 86%,rgb(107,0,62) 100%)\"><strong>Narzeczeni pragn\u0105cy zawrze\u0107 Ma\u0142\u017ce\u0144stwo powinni zg\u0142osi\u0107 si\u0119 na sze\u015b\u0107 miesi\u0119cy przed planowanym terminem \u015blubu w celu bezpo\u015bredniego przygotowania do sakramentu ma\u0142\u017ce\u0144stwa.<\/strong><\/p>\n\n\n\n<p>Jezus powiedzia\u0142: \u00abStw\u00f3rca od pocz\u0105tku stworzy\u0142 ich jako m\u0119\u017cczyzn\u0119 i kobiet\u0119. I rzek\u0142: Dlatego opu\u015bci cz\u0142owiek ojca i matk\u0119 i z\u0142\u0105czy si\u0119 ze swoj\u0105 \u017con\u0105, i b\u0119d\u0105 oboje jednym cia\u0142em. A tak ju\u017c nie s\u0105 dwojgiem, lecz jednym cia\u0142em. Co wi\u0119c B\u00f3g z\u0142\u0105czy\u0142, niech cz\u0142owiek nie rozdziela.\u00bb (Mt 19, 4 \u2013 6).<\/p>\n\n\n\n<p>Ja [N.] bior\u0119 ciebie [N.] za \u017con\u0119\/m\u0119\u017ca i \u015blubuj\u0119 ci mi\u0142o\u015b\u0107, wierno\u015b\u0107 i uczciwo\u015b\u0107 ma\u0142\u017ce\u0144sk\u0105 oraz \u017ce ci\u0119 nie opuszcz\u0119 a\u017c do \u015bmierci. Tak mi dopom\u00f3\u017c Panie Bo\u017ce wszechmog\u0105cy w Tr\u00f3jcy Jedyny, i wszyscy \u015awi\u0119ci. (Obrz\u0119dy sakramentu ma\u0142\u017ce\u0144stwa)<\/p>\n\n\n\n<p>Sakrament ma\u0142\u017ce\u0144stwa sprawia, \u017ce mi\u0142o\u015b\u0107 dwojga ludzi zostaje wzmocniona i u\u015bwi\u0119cona przez Boga, tre\u015b\u0107 przysi\u0119gi ma\u0142\u017ce\u0144skiej mo\u017ce sta\u0107 si\u0119 tre\u015bci\u0105 ich \u017cycia.<\/p>\n\n\n\n<p>Kobieta i m\u0119\u017cczyzna sami udzielaj\u0105 sobie sakramentu ma\u0142\u017ce\u0144stwa. Obiecuj\u0105 sobie mi\u0142o\u015b\u0107 i wierno\u015b\u0107 oraz wyra\u017caj\u0105 gotowo\u015b\u0107 przyj\u0119cia i wychowania dziecka. Wi\u0105\u017c\u0105 \u017cycie ze sob\u0105 nawzajem oraz z Bogiem, kt\u00f3ry zawsze b\u0119dzie mi\u0119dzy nimi obecny, otaczaj\u0105c ich ma\u0142\u017ce\u0144stwo swoj\u0105 opiek\u0105.<\/p>\n\n\n\n<p>Zawarcie sakramentu ma\u0142\u017ce\u0144stwa oznacza, \u017ce ma\u0142\u017conkowie b\u0119d\u0105 i\u015b\u0107 wsp\u00f3lnie przez \u017cycie i pozostan\u0105 przy sobie w dobrych i z\u0142ych chwilach. Wa\u017cne, by nie zapomina\u0107, \u017ce nadrz\u0119dnym celem sakramentu jest osi\u0105gni\u0119cie zbawienia, a wi\u0119c ma\u0142\u017conkowie powinni si\u0119 wspiera\u0107 w swojej drodze do \u015bwi\u0119to\u015bci.<\/p>\n\n\n\n<p>Wszystkim narzeczonym przygotowuj\u0105cym si\u0119 do sakramentu ma\u0142\u017ce\u0144stwa przypominamy, \u017ce w my\u015bl nowego programu przygotowania do ma\u0142\u017ce\u0144stwa, zobowi\u0105zani s\u0105 oni do odbycia tzw. <strong>spotka\u0144 dla narzeczonych<\/strong>. Spotkania te obejmuj\u0105: warsztaty, dzie\u0144 skupienia oraz spotkania w poradni \u017cycia rodzinnego. Mo\u017cna je zrealizowa\u0107 na trzy sposoby: 1) w dekanacie, 2) w ramach Studium \u017bycia Rodzinnego, 3) w formie weekendowej w domach rekolekcyjnych diecezji.<\/p>\n\n\n\n<p><strong>W \u0141apach, dla narzeczonych ze wszystkich parafii naszego Miasta bezpo\u015brednie przygotowanie do ma\u0142\u017ce\u0144stwa b\u0119dzie si\u0119 odbywa\u0142o w 4 cyklach w ci\u0105gu roku w Szkole Katolickiej przy ko\u015bciele \u015aw. Krzy\u017ca.<\/strong><\/p>\n\n\n\n<p><strong>Wymagane s\u0105 te\u017c 2 nauki przed\u015blubne p. Sylwia Bujnowska 511 005 333<\/strong>, wtorki i czwartki o godz. 17.00 przy ul. Parafialna 7 (po telefonicznym uzgodnieniu spotkania).<\/p>\n\n\n\n<p>Zg\u0142oszenia, terminy <strong>spotka\u0144 dla narzeczonych,<\/strong> jak i informacje dotycz\u0105ce nowego programu, znajduj\u0105 si\u0119 na stronie internetowej Duszpasterstwa Rodzin Diecezji \u0141om\u017cy\u0144skiej: <a href=\"http:\/\/www.duszpasterstworodzin.lomza.pl\/\">www.duszpasterstworodzin.lomza.pl<\/a><\/p>\n\n\n\n<p><strong>Dokumenty:<\/strong><\/p>\n\n\n\n<ol class=\"wp-block-list\">\n<li>Aktualne (tzn. nie starsze ni\u017c 6 miesi\u0119cy) \u015bwiadectwo Chrztu obojga narzeczonych.<\/li>\n\n\n\n<li>Dowody osobiste narzeczonych.<\/li>\n\n\n\n<li>\u015awiadectwo uko\u0144czenia katechizacji w zakresie szko\u0142y \u015bredniej.<\/li>\n\n\n\n<li>Za\u015bwiadczenie o uko\u0144czonym kursie przedma\u0142\u017ce\u0144skim.<\/li>\n\n\n\n<li>Za\u015bwiadczenie z Poradni dla Narzeczonych (podczas 3 spotka\u0144 narzeczeni zapoznaj\u0105 si\u0119 z nauczaniem Ko\u015bcio\u0142a na temat przekazywania i ochrony \u017cycia ).<\/li>\n\n\n\n<li>Dane \u015bwiadk\u00f3w (imi\u0119, nazwisko, data urodzenia, adres).<\/li>\n\n\n\n<li>Je\u017celi narzeczeni nie s\u0105 naszymi parafianami, powinni przedstawi\u0107 pisemn\u0105 zgod\u0119 od swojego ksi\u0119dza Proboszcza na zawarcie Ma\u0142\u017ce\u0144stwa w naszej parafii.<\/li>\n\n\n\n<li>W przypadku zawierania ma\u0142\u017ce\u0144stwa konkordatowego (ma\u0142\u017ce\u0144stwo kanoniczne poci\u0105gaj\u0105ce za sob\u0105 skutki przewidziane w prawie polskim) wymagany jest wa\u017cny dokument z Urz\u0119du Stanu Cywilnego o braku przeszk\u00f3d cywilnych do zawarcia ma\u0142\u017ce\u0144stwa (wa\u017cno\u015b\u0107 ko\u0144czy si\u0119 po trzech miesi\u0105cach od momentu wystawienia).<\/li>\n\n\n\n<li>Je\u017celi kandydaci zawarli ju\u017c zwi\u0105zek cywilny przedstawiaj\u0105 stosowny akt, w przypadku wd\u00f3w i wdowc\u00f3w konieczny jest tak\u017ce akt zgonu ma\u0142\u017conka.<\/li>\n\n\n\n<li>W przypadku nieletnich narzeczonych, pisemn\u0105 zgod\u0119 na zawarcie zwi\u0105zku ma\u0142\u017ce\u0144skiego wyra\u017con\u0105 przez rodzic\u00f3w osoby nieletniej.<\/li>\n<\/ol>\n","protected":false},"excerpt":{"rendered":"<p>Narzeczeni pragn\u0105cy zawrze\u0107 Ma\u0142\u017ce\u0144stwo powinni zg\u0142osi\u0107 si\u0119 na sze\u015b\u0107 miesi\u0119cy przed planowanym terminem \u015blubu w celu bezpo\u015bredniego przygotowania do sakramentu ma\u0142\u017ce\u0144stwa. Jezus powiedzia\u0142: \u00abStw\u00f3rca od<\/p>\n","protected":false},"author":1,"featured_media":0,"parent":0,"menu_order":0,"comment_status":"closed","ping_status":"closed","template":"","meta":{"footnotes":""},"class_list":["post-2971","page","type-page","status-publish","hentry"],"_links":{"self":[{"href":"http:\/\/parafialapy-pp.pl\/index.php\/wp-json\/wp\/v2\/pages\/2971","targetHints":{"allow":["GET"]}}],"collection":[{"href":"http:\/\/parafialapy-pp.pl\/index.php\/wp-json\/wp\/v2\/pages"}],"about":[{"href":"http:\/\/parafialapy-pp.pl\/index.php\/wp-json\/wp\/v2\/types\/page"}],"author":[{"embeddable":true,"href":"http:\/\/parafialapy-pp.pl\/index.php\/wp-json\/wp\/v2\/users\/1"}],"replies":[{"embeddable":true,"href":"http:\/\/parafialapy-pp.pl\/index.php\/wp-json\/wp\/v2\/comments?post=2971"}],"version-history":[{"count":2,"href":"http:\/\/parafialapy-pp.pl\/index.php\/wp-json\/wp\/v2\/pages\/2971\/revisions"}],"predecessor-version":[{"id":3006,"href":"http:\/\/parafialapy-pp.pl\/index.php\/wp-json\/wp\/v2\/pages\/2971\/revisions\/3006"}],"wp:attachment":[{"href":"http:\/\/parafialapy-pp.pl\/index.php\/wp-json\/wp\/v2\/media?parent=2971"}],"curies":[{"name":"wp","href":"https:\/\/api.w.org\/{rel}","templated":true}]}}