{"id":2973,"date":"2023-11-01T10:08:58","date_gmt":"2023-11-01T10:08:58","guid":{"rendered":"http:\/\/parafialapy-pp.pl\/?page_id=2973"},"modified":"2023-11-05T09:24:59","modified_gmt":"2023-11-05T09:24:59","slug":"namaszczenie-chorych","status":"publish","type":"page","link":"http:\/\/parafialapy-pp.pl\/index.php\/namaszczenie-chorych\/","title":{"rendered":"Namaszczenie chorych"},"content":{"rendered":"\n<p class=\"has-background has-large-font-size\" style=\"background:linear-gradient(65deg,rgb(254,205,165) 0%,rgb(254,45,45) 89%,rgb(107,0,62) 100%)\"><strong>Sakrament Namaszczenia chorych mo\u017cna przyj\u0105\u0107 zawsze w razie potrzeby (z\u0142y stan zdrowia, ci\u0119\u017cka choroba, czy zagro\u017cenie \u017cycia). <\/strong><\/p>\n\n\n\n<p>Przez namaszczenie chorych i modlitw\u0119 kap\u0142ana Ko\u015bci\u00f3\u0142 poleca chorych Chrystusowi, aby ich pod\u017awign\u0105\u0142 i zbawi\u0142 (por. Jk 5,14-15; KK 11). Sakrament ten udziela choremu \u0142aski Ducha \u015awi\u0119tego, kt\u00f3ra pomaga ca\u0142emu cz\u0142owiekowi do zbawienia, a mianowicie umacnia ufno\u015b\u0107 w Bogu, uzbraja przeciw pokusom szatana i trwodze \u015bmierci. Dzi\u0119ki tej pomocy chory mo\u017ce nie tylko znosi\u0107 dolegliwo\u015bci choroby, ale tak\u017ce je przezwyci\u0119\u017ca\u0107 i odzyska\u0107 zdrowie, je\u015bli to jest po\u017cyteczne dla zbawienia jego duszy<\/p>\n\n\n\n<p>Wed\u0142ug Katechizmu Ko\u015bcio\u0142a katolickiego \u201epierwsz\u0105 \u0142ask\u0105 sakramentu namaszczenia chorych jest \u0142aska umocnienia, pokoju i odwagi, by przezwyci\u0119\u017cy\u0107 trudno\u015bci zwi\u0105zane ze stanem ci\u0119\u017ckiej choroby lub niedo\u0142\u0119stwem staro\u015bci\u201d (KKK 1520). Chory dzi\u0119ki \u0142asce tego sakramentu \u201eprzyczynia si\u0119 do u\u015bwi\u0119cenia Ko\u015bcio\u0142a i do dobra wszystkich ludzi, za kt\u00f3rych Ko\u015bci\u00f3\u0142 cierpi i ofiaruje si\u0119 przez Chrystusa Bogu Ojcu\u201d (KKK 1522). Na spo\u0142eczny i eklezjalny charakter namaszczenia chorych wskazuje zwyczaj gromadzenia si\u0119 wiernych wok\u00f3\u0142 chorego przyjmuj\u0105cego sakramenty \u015bwi\u0119te. Ten zwyczaj wsp\u00f3lnej modlitwy przy \u0142\u00f3\u017cku chorego zach\u0119camy podtrzymywa\u0107.<\/p>\n\n\n\n<p>Prosimy pami\u0119ta\u0107, \u017ce namaszczenie chorych nie jest sakramentem dla umieraj\u0105cych, ale przeznaczone jest dla tych, kt\u00f3rzy znajduj\u0105 si\u0119 stanie ci\u0119\u017ckiej i niebezpiecznej choroby. Do przyj\u0119cia sakramentu namaszczenia chorych zach\u0119camy tak\u017ce osoby w podesz\u0142ym wieku, cho\u0107by nie wyst\u0119powa\u0142y u nich objawy rozpoznanej choroby (Sakramenty chorych nr 11; por. KPK kan. 1004 \u00a7 1).<\/p>\n\n\n\n<p>Zach\u0119camy te\u017c wiernych do noszenia symboli religijnych np. medalika, krzy\u017cyka, (znaku religijnego w formie plakietki na szybie samochodu), kt\u00f3re w razie wypadku by\u0142yby znakiem ich wiary i przynale\u017cno\u015bci do Ko\u015bcio\u0142a a tym samym u\u0142atwia\u0142y szafarzowi ewentualne udzielenie sakrament\u00f3w w niebezpiecze\u0144stwie \u015bmierci. Dobrym zwyczajem jest noszenie przez kierowc\u00f3w kartki z pro\u015bb\u0105 o wezwanie kap\u0142ana w razie powa\u017cnego wypadku i zagro\u017cenia \u017cycia.<\/p>\n\n\n\n<p>Do\u015bwiadczenie potwierdza, \u017ce postawa cz\u0142owieka wobec choroby i sakramentu namaszczenia wi\u0105\u017ce si\u0119 \u015bci\u015ble z ca\u0142ym jego dotychczasowym \u017cyciem religijnym. Wierni cz\u0119sto przyst\u0119puj\u0105cy do sakramentu pokuty i Komunii \u015bwi\u0119tej zwykle sami prosz\u0105 o sakrament namaszczenie chorych. Natomiast ci, kt\u00f3rzy zaniedbuj\u0105 praktyki religijne, zw\u0142aszcza przyjmowanie sakrament\u00f3w, wymagaj\u0105 najpierw ewangelizacji, aby doprowadzi\u0107 ich do prawdziwego nawr\u00f3cenia i rozumienia znaczenia sakrament\u00f3w w czasie choroby i staro\u015bci.<\/p>\n\n\n\n<p>Wiernych udaj\u0105cych si\u0119 na leczenie do szpitala, a zw\u0142aszcza przed powa\u017cn\u0105 operacj\u0105, zach\u0119camy, aby, je\u015bli to mo\u017cliwe, przyj\u0119li sakrament pokuty i namaszczenia w parafii. Je\u015bli tego nie uczyni\u0105, powinni o te sakramenty prosi\u0107 kapelana szpitala.<\/p>\n\n\n\n<p>Przy sprawowaniu sakramentu namaszczenia chorych nie stosuje si\u0119 kryterium wieku. Wszyscy prosz\u0105cy o sakrament powinni by\u0107 \u201eodpowiednio przygotowani i wewn\u0119trznie usposobieni\u201d (KPK kan. 1002), czyli w stanie \u0142aski u\u015bwi\u0119caj\u0105cej. Przypominamy o mo\u017cliwo\u015bci powtarzania sakramentu namaszczenia wtedy, gdy \u201echory po wyzdrowieniu znowu ci\u0119\u017cko zachoruje lub je\u015bli w czasie trwania tej samej choroby niebezpiecze\u0144stwo stanie si\u0119 powa\u017cniejsze\u201d (KPK kan. 1004 \u00a7 2).<\/p>\n\n\n\n<p><strong>GDZIE I KIEDY MO\u017bNA PRZYJ\u0104\u0106 SAKRAMENT NAMASZCZENIA?<\/strong><\/p>\n\n\n\n<ul class=\"wp-block-list\">\n<li>W ko\u015bciele &#8211; np. po Mszy \u015awi\u0119tej, udaj\u0105c si\u0119 do zakrystii.<\/li>\n\n\n\n<li>W domu &#8211; podczas comiesi\u0119cznej wizyty kap\u0142ana z Komuni\u0105 \u015awi\u0119t\u0105.<\/li>\n\n\n\n<li>Na ka\u017cde wezwanie &#8211; w razie zagro\u017cenia \u017cycia kap\u0142an o ka\u017cdej porze uda si\u0119 z pos\u0142ug\u0105 sakramentaln\u0105 do chorego.<\/li>\n<\/ul>\n\n\n\n<p>Osoby chore mo\u017cna zg\u0142asza\u0107 w zakrystii, w kancelarii parafialnej b\u0105d\u017a telefonicznie:<\/p>\n\n\n\n<p class=\"has-large-font-size\"><strong>tel.: 517950804 &#8211; nag\u0142e przypadki.<\/strong><\/p>\n","protected":false},"excerpt":{"rendered":"<p>Sakrament Namaszczenia chorych mo\u017cna przyj\u0105\u0107 zawsze w razie potrzeby (z\u0142y stan zdrowia, ci\u0119\u017cka choroba, czy zagro\u017cenie \u017cycia). Przez namaszczenie chorych i modlitw\u0119 kap\u0142ana Ko\u015bci\u00f3\u0142 poleca<\/p>\n","protected":false},"author":1,"featured_media":0,"parent":0,"menu_order":0,"comment_status":"closed","ping_status":"closed","template":"","meta":{"footnotes":""},"class_list":["post-2973","page","type-page","status-publish","hentry"],"_links":{"self":[{"href":"http:\/\/parafialapy-pp.pl\/index.php\/wp-json\/wp\/v2\/pages\/2973","targetHints":{"allow":["GET"]}}],"collection":[{"href":"http:\/\/parafialapy-pp.pl\/index.php\/wp-json\/wp\/v2\/pages"}],"about":[{"href":"http:\/\/parafialapy-pp.pl\/index.php\/wp-json\/wp\/v2\/types\/page"}],"author":[{"embeddable":true,"href":"http:\/\/parafialapy-pp.pl\/index.php\/wp-json\/wp\/v2\/users\/1"}],"replies":[{"embeddable":true,"href":"http:\/\/parafialapy-pp.pl\/index.php\/wp-json\/wp\/v2\/comments?post=2973"}],"version-history":[{"count":2,"href":"http:\/\/parafialapy-pp.pl\/index.php\/wp-json\/wp\/v2\/pages\/2973\/revisions"}],"predecessor-version":[{"id":3010,"href":"http:\/\/parafialapy-pp.pl\/index.php\/wp-json\/wp\/v2\/pages\/2973\/revisions\/3010"}],"wp:attachment":[{"href":"http:\/\/parafialapy-pp.pl\/index.php\/wp-json\/wp\/v2\/media?parent=2973"}],"curies":[{"name":"wp","href":"https:\/\/api.w.org\/{rel}","templated":true}]}}