{"id":57,"date":"2020-11-01T19:18:14","date_gmt":"2020-11-01T19:18:14","guid":{"rendered":"http:\/\/parafialapy-pp.pl\/?page_id=57"},"modified":"2025-07-06T04:02:38","modified_gmt":"2025-07-06T04:02:38","slug":"kancelaria","status":"publish","type":"page","link":"http:\/\/parafialapy-pp.pl\/index.php\/kancelaria\/","title":{"rendered":"Kancelaria"},"content":{"rendered":"<div id=\"widget_contact_info-2\" class=\"widget widget_contact_info\" title=\"W celu edycji widgetu kliknij trzymaj\u0105c wci\u015bni\u0119ty shift.\">\n<p>Parafia Rzymskokatolicka<br \/>\nPw. \u015aw. Ap. Piotra i Paw\u0142a<br \/>\nul. 3 Maja 8<br \/>\n18-100 \u0141apy<br \/>\nDiecezja \u0141om\u017cy\u0144ska<\/p>\n<p>Kod Swiftowy do przelew\u00f3w z zagranicy<br \/>\nPOLUPLPR \u2013 53 8081 0009 0002 1092 2000 0010<br \/>\nKonto Parafii: BS \u0141apy \u2013 53 8081 0009 0002 1092 2000 0010<\/p>\n<p><strong>KANCELARIA PARAFIALNA<\/strong><\/p>\n<p>w budynku plebanii<\/p>\n<p><strong>Podczas wakacji w lipcu i w sierpniu, kancelaria parafialna od poniedzia\u0142ku do pi\u0105tku b\u0119dzie czynna wy\u0142\u0105cznie po po\u0142udniu od 16<sup>00<\/sup> do 17<sup>00<\/sup><\/strong><\/p>\n<p>w dni powszednie w godzinach 8:00-8:30 i 16:00-17:00<\/p>\n<p>tel. stacjonarny: 85 715 27 40 w. 11<\/p>\n<p>Ksi\u0105dz dy\u017curny tel. kom\u00f3rkowy: 517-950-804<\/p>\n<p>PLEBANIA:<\/p>\n<p>PROBOSZCZ<br \/>\nks. kan. Wojciech Stefaniak<br \/>\n18-100 \u0141apy, ul 3 Maja 8<br \/>\nTel. 0 85 715 27 40 w. 12<br \/>\nfax: 0 85 715 27 40 w. 11<\/p>\n<p>WIKARIAT:<\/p>\n<p>ks. mgr Wojciech Turek<br \/>\nul. Parafialna 7<br \/>\n18-100 \u0141apy<\/p>\n<p>ks. mgr Wojciech U\u015bci\u0144ski<br \/>\nul. Parafialna 7<br \/>\n18-100 \u0141apy<\/p>\n<p>Senior: ks. kan. mgr Piotr Faltyn<br \/>\nul. 3 Maja 8<br \/>\n18-100 \u0141apy,<br \/>\ntel. 85-715-27-40 w. 15<\/p>\n<p>Do kancelarii parafialnej mo\u017cna sk\u0142ada\u0107 potrzebne dokumenty do udzielenia odpowiednich sakrament\u00f3w b\u0105d\u017a kontaktowa\u0107 si\u0119 telefonicznie w celu uzyskania informacji.<\/p>\n<\/div>\n","protected":false},"excerpt":{"rendered":"<p>Parafia Rzymskokatolicka Pw. \u015aw. Ap. Piotra i Paw\u0142a ul. 3 Maja 8 18-100 \u0141apy Diecezja \u0141om\u017cy\u0144ska Kod Swiftowy do przelew\u00f3w z zagranicy POLUPLPR \u2013 53<\/p>\n","protected":false},"author":1,"featured_media":0,"parent":0,"menu_order":0,"comment_status":"closed","ping_status":"closed","template":"","meta":{"footnotes":""},"class_list":["post-57","page","type-page","status-publish","hentry"],"_links":{"self":[{"href":"http:\/\/parafialapy-pp.pl\/index.php\/wp-json\/wp\/v2\/pages\/57","targetHints":{"allow":["GET"]}}],"collection":[{"href":"http:\/\/parafialapy-pp.pl\/index.php\/wp-json\/wp\/v2\/pages"}],"about":[{"href":"http:\/\/parafialapy-pp.pl\/index.php\/wp-json\/wp\/v2\/types\/page"}],"author":[{"embeddable":true,"href":"http:\/\/parafialapy-pp.pl\/index.php\/wp-json\/wp\/v2\/users\/1"}],"replies":[{"embeddable":true,"href":"http:\/\/parafialapy-pp.pl\/index.php\/wp-json\/wp\/v2\/comments?post=57"}],"version-history":[{"count":15,"href":"http:\/\/parafialapy-pp.pl\/index.php\/wp-json\/wp\/v2\/pages\/57\/revisions"}],"predecessor-version":[{"id":3781,"href":"http:\/\/parafialapy-pp.pl\/index.php\/wp-json\/wp\/v2\/pages\/57\/revisions\/3781"}],"wp:attachment":[{"href":"http:\/\/parafialapy-pp.pl\/index.php\/wp-json\/wp\/v2\/media?parent=57"}],"curies":[{"name":"wp","href":"https:\/\/api.w.org\/{rel}","templated":true}]}}